{"id":14151,"date":"2022-09-22T08:59:25","date_gmt":"2022-09-22T08:59:25","guid":{"rendered":"https:\/\/keramika-zunko.si\/test\/?page_id=14151"},"modified":"2023-12-27T07:57:29","modified_gmt":"2023-12-27T07:57:29","slug":"grey-soul-dark-out","status":"publish","type":"page","link":"https:\/\/gigakeramika.si\/de\/grey-soul-dark-out\/","title":{"rendered":"Grey Soul Dark Out"},"content":{"rendered":"<div class=\"vc_row wpb_row vc_row-fluid vc_custom_1537429109529\"><div class=\"wpb_column vc_column_container vc_col-sm-6\"><div class=\"vc_column-inner vc_custom_1536840396834\"><div class=\"wpb_wrapper\">\n<div class=\"vc_grid-container-wrapper vc_clearfix\">\n\t<div class=\"vc_grid-container vc_clearfix wpb_content_element vc_media_grid\" data-initial-loading-animation=\"fadeIn\" data-vc-grid-settings=\"{&quot;page_id&quot;:14151,&quot;style&quot;:&quot;all&quot;,&quot;action&quot;:&quot;vc_get_vc_grid_data&quot;,&quot;shortcode_id&quot;:&quot;1703663835214-c8e05f02-21d4-6&quot;,&quot;tag&quot;:&quot;vc_media_grid&quot;}\" data-vc-request=\"https:\/\/gigakeramika.si\/wp-admin\/admin-ajax.php\" data-vc-post-id=\"14151\" data-vc-public-nonce=\"862b642344\">\n\t\t\n\t<\/div>\n<\/div><\/div><\/div><\/div><div class=\"wpb_column vc_column_container vc_col-sm-6\"><div class=\"vc_column-inner\"><div class=\"wpb_wrapper\"><span class=\"subtitle dash-true style-dark text-default\">Imitacija betona<\/span>\n\t<div class=\"wpb_text_column wpb_content_element\" >\n\t\t<div class=\"wpb_wrapper\">\n\t\t\t<h2>GREY SOUL DARK OUT<\/h2>\n\n\t\t<\/div>\n\t<\/div>\n\n\t<div class=\"wpb_text_column wpb_content_element\" >\n\t\t<div class=\"wpb_wrapper\">\n\t\t\t<h2><strong>PREIS: 19,52 EUR\/M2 MIT 22% MwSt<\/strong><\/h2>\n<ul>\n<li><span style=\"color: #ff0000;\">KLASSE: 1.WAHL<\/span><\/li>\n<li>DIMENZIJA: 61,5&#215;61,5&#215;0,9cm<\/li>\n<li>NARAVNI ROB<\/li>\n<li>TYP: BODEN<\/li>\n<li>FROSTBEST\u00c4NDIG<\/li>\n<li>ZUSAMMENSETZUNG: GRES<\/li>\n<li>PAKIRANO: 1,51M2 = 1 PAKET ( TE\u017dA PAKETA: 34KG)<\/li>\n<li>RUTSCHFESTIGKEITSFAKTOR: <span style=\"color: #ff0000;\">R11 RUTSCHFEST<\/span><\/li>\n<li>HERSTELLER: TUSCANIA S.P.A. \u2013 ITALIEN<\/li>\n<li class=\"siteorigin-widget-tinymce textwidget\"><span style=\"color: #99cc00;\">VERF\u00dcGBARKEIT: AUF LAGER!<\/span><\/li>\n<\/ul>\n\n\t\t<\/div>\n\t<\/div>\n\n\t<div class=\"wpb_text_column wpb_content_element\" >\n\t\t<div class=\"wpb_wrapper\">\n\t\t\t<p><strong>\u00dcberpr\u00fcfen Sie KOSTENLOS den Lagerbestand in einer unserer Filialen:<\/strong>\u00a0:<\/p>\n<p>Arbeitszeiten: MONTAG-DONNERSTAG: 10:00-18:00, FREITAG: 10:00-17:00<\/p>\n<p><span dir=\"ltr\" role=\"presentation\">KONTAKT DES IG-ZENTRUMS IN LJUBLJANA:<\/span><br role=\"presentation\" \/><span dir=\"ltr\" role=\"presentation\">TEL.: +386-64-198-074<\/span><br role=\"presentation\" \/><span dir=\"ltr\" role=\"presentation\">E-MAIL: <a href=\"mailto:ig@gigakeramika.si\">ig@gigakeramika.si<\/a><\/span><\/p>\n<p><span dir=\"ltr\" role=\"presentation\">KONTAKT BETRIEBSSTELLE PRAGERSKO<\/span><br role=\"presentation\" \/><span dir=\"ltr\" role=\"presentation\">TEL.: +386-70-490-456<\/span><br role=\"presentation\" \/><span dir=\"ltr\" role=\"presentation\">E-mail: <a href=\"mailto:slb@gigakeramika.si\">slb@gigakeramika.si<\/a><\/span><\/p>\n\n\t\t<\/div>\n\t<\/div>\n<\/div><\/div><\/div><\/div><div class=\"vc_row wpb_row vc_row-fluid vc_custom_1534242606416\"><div class=\"animate wpb_column vc_column_container vc_col-sm-12\"><div class=\"vc_column-inner\"><div class=\"wpb_wrapper\">\n\t<div class=\"wpb_text_column wpb_content_element  vc_custom_1663675152479\" >\n\t\t<div class=\"wpb_wrapper\">\n\t\t\t<h2>Das Modell ist auch in dieser Abmessung m\u00f6glich:<\/h2>\n\n\t\t<\/div>\n\t<\/div>\n<\/div><\/div><\/div><\/div><div class=\"vc_row wpb_row vc_row-fluid\"><div class=\"wpb_column vc_column_container vc_col-sm-12\"><div class=\"vc_column-inner\"><div class=\"wpb_wrapper\"><div class=\"divider-light\"><\/div><\/div><\/div><\/div><\/div><div class=\"vc_row wpb_row vc_row-fluid\"><div class=\"wpb_column vc_column_container vc_col-sm-3\"><div class=\"vc_column-inner\"><div class=\"wpb_wrapper\"><div class=\"content-box service-item alignment-default service-box-white spacing-30\"><a href=\"https:\/\/gigakeramika.si\/de\/grey-soul-dark\/\"><div class=\"image-container\"><div class=\"vertical-number-box\"><span class=\"vertical-number\">01<\/span><\/div><div class=\"arrow-box\"><span class=\"icon-arrow-right\"><\/span><\/div><img decoding=\"async\" src=\"https:\/\/gigakeramika.si\/wp-content\/uploads\/2022\/10\/Untitled-design-23-1.png\" alt=\"Grey Soul Dark dim.61x61x0,9cm\"><\/div><div class=\"content-box-info\"><h4 class=\"box-heading\">Grey Soul Dark dim.61x61x0,9cm<\/h4><p>19,52 EUR\/M2 mit 22% MwSt, 1.WAHL, R10<\/p><div class=\"btn-read-more\">Ogled plo\u0161\u010dice<\/div><\/div><\/a><\/div><\/div><\/div><\/div><div class=\"wpb_column vc_column_container vc_col-sm-3\"><div class=\"vc_column-inner\"><div class=\"wpb_wrapper\"><div class=\"content-box service-item alignment-default service-box-white spacing-30\"><a href=\"https:\/\/gigakeramika.si\/de\/grey-soul-dark-120x60\/\"><div class=\"image-container\"><div class=\"vertical-number-box\"><span class=\"vertical-number\">02<\/span><\/div><div class=\"arrow-box\"><span class=\"icon-arrow-right\"><\/span><\/div><img decoding=\"async\" src=\"https:\/\/gigakeramika.si\/wp-content\/uploads\/2022\/10\/Untitled-design-25-3.png\" alt=\"Grey Soul Dark dim.120x60x0,95cm\"><\/div><div class=\"content-box-info\"><h4 class=\"box-heading\">Grey Soul Dark dim.120x60x0,95cm<\/h4><p>25,62 EUR\/M2 mit 22% MwSt, 1.WAHL, R10<\/p><div class=\"btn-read-more\">Ogled plo\u0161\u010dice<\/div><\/div><\/a><\/div><\/div><\/div><\/div><div class=\"wpb_column vc_column_container vc_col-sm-3\"><div class=\"vc_column-inner\"><div class=\"wpb_wrapper\"><div class=\"content-box service-item alignment-default service-box-white spacing-30\"><a href=\"https:\/\/gigakeramika.si\/de\/grey-soul-dark-fp2\/\"><div class=\"image-container\"><div class=\"vertical-number-box\"><span class=\"vertical-number\">03<\/span><\/div><div class=\"arrow-box\"><span class=\"icon-arrow-right\"><\/span><\/div><img decoding=\"async\" src=\"https:\/\/gigakeramika.si\/wp-content\/uploads\/2022\/10\/Untitled-design-24-4.png\" alt=\"Grey Soul Dark FP2 dim. 90x90x2cm\"><\/div><div class=\"content-box-info\"><h4 class=\"box-heading\">Grey Soul Dark FP2 dim. 90x90x2cm<\/h4><p>41,48 EUR\/M2 z 22% DDV, 1.KVALITETA, R11 - PROTIZDRSNE<\/p><div class=\"btn-read-more\">Ogled plo\u0161\u010dice<\/div><\/div><\/a><\/div><\/div><\/div><\/div><div class=\"wpb_column vc_column_container vc_col-sm-3\"><div class=\"vc_column-inner\"><div class=\"wpb_wrapper\"><\/div><\/div><\/div><\/div>","protected":false},"excerpt":{"rendered":"Imitacija betona GREY SOUL DARK OUT CENA: 19,52 EUR\/M2 Z 22%DDV RAZRED: 1.KVALITETA DIMENZIJA: 61,5x61,5x0,9cm NARAVNI ROB TIP: TALNA ODPORNA PROTI ZMRZALI SESTAVA: GRES PAKIRANO: 1,51M2 = 1 PAKET ( TE\u017dA PAKETA: 34KG) FAKTOR ZDRSNOSTI: R11- PROTIZDRSNE PROIZVAJALEC: TUSCANIA S.P.A. \u2013 ITALIJA RAZPOLO\u017dLJIVOST: NA ZALOGI! BREZPLA\u010cNO\u00a0preverite zalogo v eni izmed na\u0161ih poslovalnic: Delovni \u010das: PONEDELJEK-\u010cETRTEK: [...]","protected":false},"author":1,"featured_media":0,"parent":0,"menu_order":0,"comment_status":"closed","ping_status":"closed","template":"","meta":{"om_disable_all_campaigns":false,"footnotes":""},"class_list":["post-14151","page","type-page","status-publish","hentry"],"aioseo_notices":[],"_links":{"self":[{"href":"https:\/\/gigakeramika.si\/de\/wp-json\/wp\/v2\/pages\/14151","targetHints":{"allow":["GET"]}}],"collection":[{"href":"https:\/\/gigakeramika.si\/de\/wp-json\/wp\/v2\/pages"}],"about":[{"href":"https:\/\/gigakeramika.si\/de\/wp-json\/wp\/v2\/types\/page"}],"author":[{"embeddable":true,"href":"https:\/\/gigakeramika.si\/de\/wp-json\/wp\/v2\/users\/1"}],"replies":[{"embeddable":true,"href":"https:\/\/gigakeramika.si\/de\/wp-json\/wp\/v2\/comments?post=14151"}],"version-history":[{"count":7,"href":"https:\/\/gigakeramika.si\/de\/wp-json\/wp\/v2\/pages\/14151\/revisions"}],"predecessor-version":[{"id":16191,"href":"https:\/\/gigakeramika.si\/de\/wp-json\/wp\/v2\/pages\/14151\/revisions\/16191"}],"wp:attachment":[{"href":"https:\/\/gigakeramika.si\/de\/wp-json\/wp\/v2\/media?parent=14151"}],"curies":[{"name":"wp","href":"https:\/\/api.w.org\/{rel}","templated":true}]}}