{"id":16381,"date":"2024-02-13T13:33:05","date_gmt":"2024-02-13T13:33:05","guid":{"rendered":"https:\/\/gigakeramika.si\/?page_id=16381"},"modified":"2025-07-28T12:58:59","modified_gmt":"2025-07-28T12:58:59","slug":"onyx-white-120x60","status":"publish","type":"page","link":"https:\/\/gigakeramika.si\/de\/onyx-white-120x60\/","title":{"rendered":"Onyx White 120&#215;60"},"content":{"rendered":"<div class=\"vc_row wpb_row vc_row-fluid vc_custom_1537429109529\"><div class=\"wpb_column vc_column_container vc_col-sm-6\"><div class=\"vc_column-inner vc_custom_1536840396834\"><div class=\"wpb_wrapper\">\n<div class=\"vc_grid-container-wrapper vc_clearfix\">\n\t<div class=\"vc_grid-container vc_clearfix wpb_content_element vc_media_grid\" data-initial-loading-animation=\"fadeIn\" data-vc-grid-settings=\"{&quot;page_id&quot;:16381,&quot;style&quot;:&quot;all&quot;,&quot;action&quot;:&quot;vc_get_vc_grid_data&quot;,&quot;shortcode_id&quot;:&quot;1753707518661-f90431fd-4b4b-3&quot;,&quot;tag&quot;:&quot;vc_media_grid&quot;}\" data-vc-request=\"https:\/\/gigakeramika.si\/wp-admin\/admin-ajax.php\" data-vc-post-id=\"16381\" data-vc-public-nonce=\"862b642344\">\n\t\t\n\t<\/div>\n<\/div><\/div><\/div><\/div><div class=\"wpb_column vc_column_container vc_col-sm-6\"><div class=\"vc_column-inner\"><div class=\"wpb_wrapper\"><span class=\"subtitle dash-true style-dark text-default\">Imitation von marmor<\/span>\n\t<div class=\"wpb_text_column wpb_content_element\" >\n\t\t<div class=\"wpb_wrapper\">\n\t\t\t<h2>ONYX WHITE<\/h2>\n\n\t\t<\/div>\n\t<\/div>\n\n\t<div class=\"wpb_text_column wpb_content_element\" >\n\t\t<div class=\"wpb_wrapper\">\n\t\t\t<h2><strong>PREIS: 26,84 EUR\/M2 MIT 22% MwSt<\/strong><\/h2>\n<ul>\n<li><span style=\"color: #ff0000;\">KLASSE: 1.WAHL<\/span><\/li>\n<li>FORMAT: 120x60x0,9cm<\/li>\n<li>REKTIFIZIERT \u2013 LASERSCHNITTKANTEN<\/li>\n<li>TYP: BODEN + WAND<\/li>\n<li>FROSTBEST\u00c4NDIG<\/li>\n<li>ZUSAMMENSETZUNG: GRES<\/li>\n<li>PACKUNG BEINHALTET: 1,44 M2 = 1 PACKUNG (PACKUNGSGEWICHT: 30 KG)<\/li>\n<li>FAKTOR ZDRSNOSTI: R9- MAT<\/li>\n<li>PROIZVODNJA: ENERGIEKER<\/li>\n<li class=\"siteorigin-widget-tinymce textwidget\"><span style=\"color: #99cc00;\">VERF\u00dcGBARKEIT: AUF LAGER!<\/span><\/li>\n<\/ul>\n\n\t\t<\/div>\n\t<\/div>\n\n\t<div class=\"wpb_text_column wpb_content_element\" >\n\t\t<div class=\"wpb_wrapper\">\n\t\t\t<p><strong>\u00dcberpr\u00fcfen Sie KOSTENLOS den Lagerbestand in einer unserer Filialen:<\/strong>\u00a0:<\/p>\n<p>Arbeitszeiten: MONTAG-DONNERSTAG: 10:00-18:00, FREITAG: 10:00-17:00<\/p>\n<p><span dir=\"ltr\" role=\"presentation\">KONTAKT DES IG-ZENTRUMS IN LJUBLJANA:<\/span><br role=\"presentation\" \/><span dir=\"ltr\" role=\"presentation\">TEL.: +386-64-198-074<\/span><br role=\"presentation\" \/><span dir=\"ltr\" role=\"presentation\">E-MAIL: <a href=\"mailto:ig@gigakeramika.si\">ig@gigakeramika.si<\/a><\/span><\/p>\n<p><span dir=\"ltr\" role=\"presentation\">KONTAKT BETRIEBSSTELLE PRAGERSKO<\/span><br role=\"presentation\" \/><span dir=\"ltr\" role=\"presentation\">TEL.: +386-70-490-456<\/span><br role=\"presentation\" \/><span dir=\"ltr\" role=\"presentation\">E-mail: <a href=\"mailto:slb@gigakeramika.si\">slb@gigakeramika.si<\/a><\/span><\/p>\n\n\t\t<\/div>\n\t<\/div>\n<\/div><\/div><\/div><\/div><div class=\"vc_row wpb_row vc_row-fluid vc_custom_1534242606416\"><div class=\"animate wpb_column vc_column_container vc_col-sm-12\"><div class=\"vc_column-inner\"><div class=\"wpb_wrapper\">\n\t<div class=\"wpb_text_column wpb_content_element  vc_custom_1663675152479\" >\n\t\t<div class=\"wpb_wrapper\">\n\t\t\t<h2>Das Modell ist auch in dieser Abmessung m\u00f6glich:<\/h2>\n\n\t\t<\/div>\n\t<\/div>\n<\/div><\/div><\/div><\/div><div class=\"vc_row wpb_row vc_row-fluid\"><div class=\"wpb_column vc_column_container vc_col-sm-12\"><div class=\"vc_column-inner\"><div class=\"wpb_wrapper\"><div class=\"divider-light\"><\/div><\/div><\/div><\/div><\/div><div class=\"vc_row wpb_row vc_row-fluid\"><div class=\"wpb_column vc_column_container vc_col-sm-3\"><div class=\"vc_column-inner\"><div class=\"wpb_wrapper\"><div class=\"content-box service-item alignment-default service-box-white spacing-30\"><a href=\"https:\/\/gigakeramika.si\/de\/onyx-white-polirana\/\"><div class=\"image-container\"><div class=\"vertical-number-box\"><span class=\"vertical-number\">1<\/span><\/div><div class=\"arrow-box\"><span class=\"icon-arrow-right\"><\/span><\/div><img decoding=\"async\" src=\"https:\/\/gigakeramika.si\/wp-content\/uploads\/2024\/02\/Untitled-design-18.png\" alt=\"Onyx White dim. 120x60x0,9cm\"><\/div><div class=\"content-box-info\"><h4 class=\"box-heading\">Onyx White dim. 120x60x0,9cm<\/h4><p>35,38 EUR\/M2 mit 22% MwSt, 1.WAHL, POLIERT<\/p><div class=\"btn-read-more\">Ogled plo\u0161\u010dice<\/div><\/div><\/a><\/div><\/div><\/div><\/div><div class=\"wpb_column vc_column_container vc_col-sm-3\"><div class=\"vc_column-inner\"><div class=\"wpb_wrapper\"><\/div><\/div><\/div><div class=\"wpb_column vc_column_container vc_col-sm-3\"><div class=\"vc_column-inner\"><div class=\"wpb_wrapper\"><\/div><\/div><\/div><div class=\"wpb_column vc_column_container vc_col-sm-3\"><div class=\"vc_column-inner\"><div class=\"wpb_wrapper\"><\/div><\/div><\/div><\/div>","protected":false},"excerpt":{"rendered":"Imitacija marmorja ONYX WHITE CENA: 26,84 EUR\/M2 Z 22%DDV RAZRED: 1.KVALITETA DIMENZIJA: 120x60x0,9cm RECTIFICIRANA - LASERSKO REZANI ROBOVI TIP: TALNA + STENSKA ODPORNA PROTI ZMRZALI SESTAVA: GRES PAKIRANO: 1,44M2 = 1 PAKET ( TE\u017dA PAKETA: 30KG) FAKTOR ZDRSNOSTI: R9- MAT PROIZVODNJA: ENERGIEKER RAZPOLO\u017dLJIVOST: NA ZALOGI! BREZPLA\u010cNO\u00a0preverite zalogo v eni izmed na\u0161ih poslovalnic: Delovni \u010das: PONEDELJEK-\u010cETRTEK: [...]","protected":false},"author":1,"featured_media":0,"parent":0,"menu_order":0,"comment_status":"closed","ping_status":"closed","template":"","meta":{"om_disable_all_campaigns":false,"footnotes":""},"class_list":["post-16381","page","type-page","status-publish","hentry"],"aioseo_notices":[],"_links":{"self":[{"href":"https:\/\/gigakeramika.si\/de\/wp-json\/wp\/v2\/pages\/16381","targetHints":{"allow":["GET"]}}],"collection":[{"href":"https:\/\/gigakeramika.si\/de\/wp-json\/wp\/v2\/pages"}],"about":[{"href":"https:\/\/gigakeramika.si\/de\/wp-json\/wp\/v2\/types\/page"}],"author":[{"embeddable":true,"href":"https:\/\/gigakeramika.si\/de\/wp-json\/wp\/v2\/users\/1"}],"replies":[{"embeddable":true,"href":"https:\/\/gigakeramika.si\/de\/wp-json\/wp\/v2\/comments?post=16381"}],"version-history":[{"count":7,"href":"https:\/\/gigakeramika.si\/de\/wp-json\/wp\/v2\/pages\/16381\/revisions"}],"predecessor-version":[{"id":17836,"href":"https:\/\/gigakeramika.si\/de\/wp-json\/wp\/v2\/pages\/16381\/revisions\/17836"}],"wp:attachment":[{"href":"https:\/\/gigakeramika.si\/de\/wp-json\/wp\/v2\/media?parent=16381"}],"curies":[{"name":"wp","href":"https:\/\/api.w.org\/{rel}","templated":true}]}}