{"id":18275,"date":"2026-02-11T11:47:47","date_gmt":"2026-02-11T11:47:47","guid":{"rendered":"https:\/\/gigakeramika.si\/?page_id=18275"},"modified":"2026-02-11T11:49:15","modified_gmt":"2026-02-11T11:49:15","slug":"petraviva-white-120x60","status":"publish","type":"page","link":"https:\/\/gigakeramika.si\/de\/petraviva-white-120x60\/","title":{"rendered":"PetraViva White 120&#215;60"},"content":{"rendered":"<div class=\"vc_row wpb_row vc_row-fluid vc_custom_1537429109529\"><div class=\"wpb_column vc_column_container vc_col-sm-6\"><div class=\"vc_column-inner vc_custom_1536840396834\"><div class=\"wpb_wrapper\">\n<div class=\"vc_grid-container-wrapper vc_clearfix\">\n\t<div class=\"vc_grid-container vc_clearfix wpb_content_element vc_media_grid\" data-initial-loading-animation=\"fadeIn\" data-vc-grid-settings=\"{&quot;page_id&quot;:18275,&quot;style&quot;:&quot;all&quot;,&quot;action&quot;:&quot;vc_get_vc_grid_data&quot;,&quot;shortcode_id&quot;:&quot;1770810490928-4a7d0af8-80c8-3&quot;,&quot;tag&quot;:&quot;vc_media_grid&quot;}\" data-vc-request=\"https:\/\/gigakeramika.si\/wp-admin\/admin-ajax.php\" data-vc-post-id=\"18275\" data-vc-public-nonce=\"862b642344\">\n\t\t\n\t<\/div>\n<\/div><\/div><\/div><\/div><div class=\"wpb_column vc_column_container vc_col-sm-6\"><div class=\"vc_column-inner\"><div class=\"wpb_wrapper\"><span class=\"subtitle dash-true style-dark text-default\">Imitacija betona<\/span>\n\t<div class=\"wpb_text_column wpb_content_element\" >\n\t\t<div class=\"wpb_wrapper\">\n\t\t\t<h2>PETRAVIVA WHITE<\/h2>\n\n\t\t<\/div>\n\t<\/div>\n\n\t<div class=\"wpb_text_column wpb_content_element\" >\n\t\t<div class=\"wpb_wrapper\">\n\t\t\t<h2><strong>PREIS: 26,84 EUR\/M2 MIT 22% MwSt<\/strong><\/h2>\n<ul>\n<li><span style=\"color: #ff0000;\">KLASSE: 1.WAHL<\/span><\/li>\n<li>FORMAT: 120x60x0,9cm<\/li>\n<li>REKTIFIZIERT \u2013 LASERSCHNITTKANTEN<\/li>\n<li>TYP: BODEN + WAND<\/li>\n<li>FROSTBEST\u00c4NDIG<\/li>\n<li>ZUSAMMENSETZUNG: GRES<\/li>\n<li>PACKUNG BEINHALTET: 1,44 M2 = 1 PACKUNG (PACKUNGSGEWICHT: 30 KG)<\/li>\n<li>RUTSCHFESTIGKEITSFAKTOR: R10<\/li>\n<li>PROIZVODNJA: ENERGIEKER<\/li>\n<li class=\"siteorigin-widget-tinymce textwidget\"><span style=\"color: #99cc00;\">VERF\u00dcGBARKEIT: AUF LAGER!<\/span><\/li>\n<\/ul>\n\n\t\t<\/div>\n\t<\/div>\n\n\t<div class=\"wpb_text_column wpb_content_element\" >\n\t\t<div class=\"wpb_wrapper\">\n\t\t\t<p><strong>\u00dcberpr\u00fcfen Sie KOSTENLOS den Lagerbestand in einer unserer Filialen:<\/strong>\u00a0:<\/p>\n<p>Arbeitszeiten: MONTAG-DONNERSTAG: 10:00-18:00, FREITAG: 10:00-17:00<\/p>\n<p><span dir=\"ltr\" role=\"presentation\">KONTAKT DES IG-ZENTRUMS IN LJUBLJANA:<\/span><br role=\"presentation\" \/><span dir=\"ltr\" role=\"presentation\">TEL.: +386-64-198-074<\/span><br role=\"presentation\" \/><span dir=\"ltr\" role=\"presentation\">E-MAIL: <a href=\"mailto:ig@gigakeramika.si\">ig@gigakeramika.si<\/a><\/span><\/p>\n<p><span dir=\"ltr\" role=\"presentation\">KONTAKT BETRIEBSSTELLE PRAGERSKO<\/span><br role=\"presentation\" \/><span dir=\"ltr\" role=\"presentation\">TEL.: +386-70-490-456<\/span><br role=\"presentation\" \/><span dir=\"ltr\" role=\"presentation\">E-mail: <a href=\"mailto:slb@gigakeramika.si\">slb@gigakeramika.si<\/a><\/span><\/p>\n\n\t\t<\/div>\n\t<\/div>\n<\/div><\/div><\/div><\/div>","protected":false},"excerpt":{"rendered":"Imitacija betona PETRAVIVA WHITE CENA: 26,84 EUR\/M2 Z 22%DDV RAZRED: 1.KVALITETA DIMENZIJA: 120x60x0,9cm RECTIFICIRANA - LASERSKO REZANI ROBOVI TIP: TALNA + STENSKA ODPORNA PROTI ZMRZALI SESTAVA: GRES PAKIRANO: 1,44M2 = 1 PAKET ( TE\u017dA PAKETA: 30KG) FAKTOR ZDRSNOSTI: R10 PROIZVODNJA: ENERGIEKER RAZPOLO\u017dLJIVOST: NA ZALOGI! BREZPLA\u010cNO\u00a0preverite zalogo v eni izmed na\u0161ih poslovalnic: Delovni \u010das: PONEDELJEK-\u010cETRTEK: 10.00-18.00, [...]","protected":false},"author":1,"featured_media":0,"parent":0,"menu_order":0,"comment_status":"closed","ping_status":"closed","template":"","meta":{"om_disable_all_campaigns":false,"footnotes":""},"class_list":["post-18275","page","type-page","status-publish","hentry"],"aioseo_notices":[],"_links":{"self":[{"href":"https:\/\/gigakeramika.si\/de\/wp-json\/wp\/v2\/pages\/18275","targetHints":{"allow":["GET"]}}],"collection":[{"href":"https:\/\/gigakeramika.si\/de\/wp-json\/wp\/v2\/pages"}],"about":[{"href":"https:\/\/gigakeramika.si\/de\/wp-json\/wp\/v2\/types\/page"}],"author":[{"embeddable":true,"href":"https:\/\/gigakeramika.si\/de\/wp-json\/wp\/v2\/users\/1"}],"replies":[{"embeddable":true,"href":"https:\/\/gigakeramika.si\/de\/wp-json\/wp\/v2\/comments?post=18275"}],"version-history":[{"count":3,"href":"https:\/\/gigakeramika.si\/de\/wp-json\/wp\/v2\/pages\/18275\/revisions"}],"predecessor-version":[{"id":18277,"href":"https:\/\/gigakeramika.si\/de\/wp-json\/wp\/v2\/pages\/18275\/revisions\/18277"}],"wp:attachment":[{"href":"https:\/\/gigakeramika.si\/de\/wp-json\/wp\/v2\/media?parent=18275"}],"curies":[{"name":"wp","href":"https:\/\/api.w.org\/{rel}","templated":true}]}}