{"id":17586,"date":"2025-02-06T15:55:54","date_gmt":"2025-02-06T15:55:54","guid":{"rendered":"https:\/\/gigakeramika.si\/?page_id=17586"},"modified":"2026-02-04T10:43:53","modified_gmt":"2026-02-04T10:43:53","slug":"heritage-cornsilk","status":"publish","type":"page","link":"https:\/\/gigakeramika.si\/hr\/heritage-cornsilk\/","title":{"rendered":"HERITAGE CORNSILK"},"content":{"rendered":"<div class=\"vc_row wpb_row vc_row-fluid vc_custom_1537429109529\"><div class=\"wpb_column vc_column_container vc_col-sm-6\"><div class=\"vc_column-inner vc_custom_1536840396834\"><div class=\"wpb_wrapper\">\n<div class=\"vc_grid-container-wrapper vc_clearfix\">\n\t<div class=\"vc_grid-container vc_clearfix wpb_content_element vc_media_grid\" data-initial-loading-animation=\"fadeIn\" data-vc-grid-settings=\"{&quot;page_id&quot;:17586,&quot;style&quot;:&quot;all&quot;,&quot;action&quot;:&quot;vc_get_vc_grid_data&quot;,&quot;shortcode_id&quot;:&quot;1770201795129-b067a092-e00e-1&quot;,&quot;tag&quot;:&quot;vc_media_grid&quot;}\" data-vc-request=\"https:\/\/gigakeramika.si\/wp-admin\/admin-ajax.php\" data-vc-post-id=\"17586\" data-vc-public-nonce=\"4532b4aa99\">\n\t\t\n\t<\/div>\n<\/div><\/div><\/div><\/div><div class=\"wpb_column vc_column_container vc_col-sm-6\"><div class=\"vc_column-inner\"><div class=\"wpb_wrapper\"><span class=\"subtitle dash-true style-dark text-default\">IMITACIJA MRAMORA<\/span>\n\t<div class=\"wpb_text_column wpb_content_element\" >\n\t\t<div class=\"wpb_wrapper\">\n\t\t\t<h2>HERITAGE CORNSILK<\/h2>\n\n\t\t<\/div>\n\t<\/div>\n\n\t<div class=\"wpb_text_column wpb_content_element\" >\n\t\t<div class=\"wpb_wrapper\">\n\t\t\t<h2><strong>CENA: 26,84EUR\/M2 Z 22%DDV<\/strong><\/h2>\n<ul>\n<li><span style=\"color: #ff0000;\">KLASA: 1.KVALITETA<\/span><\/li>\n<li>DIMENZIJA: 120x60x0,9cm<\/li>\n<li>REKTIFICIRANI \u2013 LASERSKI REZANI RUBOVI<\/li>\n<li>TIP: POD + ZID<\/li>\n<li>OTPORNA NA MRAZ<\/li>\n<li>SASTAV: GRES<\/li>\n<li>PAKIRANO: 1,44M2 = 1 PAKET ( TE\u017dINA PAKETA: 30KG)<\/li>\n<li>FAKTOR TRENJA KLIZANJA: R10<\/li>\n<li>PROIZVODNJA: ENERGIEKER<\/li>\n<li class=\"siteorigin-widget-tinymce textwidget\"><span style=\"color: #99cc00;\">DOSTUPNOST: U SKLADI\u0160TU!<\/span><\/li>\n<\/ul>\n\n\t\t<\/div>\n\t<\/div>\n\n\t<div class=\"wpb_text_column wpb_content_element\" >\n\t\t<div class=\"wpb_wrapper\">\n\t\t\t<p><strong>BESPLATNO<\/strong>\u00a0provjerite zalihe u jednoj od na\u0161ih poslovnica:<\/p>\n<p>Radno vrijeme: PON-\u010cET: 10.00-18.00, PET: 10.00-17.00<\/p>\n<p><span dir=\"ltr\" role=\"presentation\">KONTAKT CENTRALA IG PRI LJUBLJANI:<\/span><br role=\"presentation\" \/><span dir=\"ltr\" role=\"presentation\">TEL.: +386-64-198-074<\/span><br role=\"presentation\" \/><span dir=\"ltr\" role=\"presentation\">E-MAIL: <a href=\"mailto:ig@gigakeramika.si\">ig@gigakeramika.si<\/a><\/span><\/p>\n<p><span dir=\"ltr\" role=\"presentation\">KONTAKT P.E. PRAGERSKO:<\/span><br role=\"presentation\" \/><span dir=\"ltr\" role=\"presentation\">TEL.: +386-70-490-456<\/span><br role=\"presentation\" \/><span dir=\"ltr\" role=\"presentation\">E-mail: <a href=\"mailto:slb@gigakeramika.si\">slb@gigakeramika.si<\/a><\/span><\/p>\n\n\t\t<\/div>\n\t<\/div>\n<\/div><\/div><\/div><\/div>","protected":false},"excerpt":{"rendered":"Imitacija marmorja HERITAGE CORNSILK CENA: 26,84EUR\/M2 Z 22%DDV RAZRED: 1.KVALITETA DIMENZIJA: 120x60x0,9cm RECTIFICIRANA - LASERSKO REZANI ROBOVI TIP: TALNA + STENSKA ODPORNA PROTI ZMRZALI SESTAVA: GRES PAKIRANO: 1,44M2 = 1 PAKET ( TE\u017dA PAKETA: 30KG) FAKTOR ZDRSNOSTI: R10 PROIZVODNJA: ENERGIEKER RAZPOLO\u017dLJIVOST: NA ZALOGI! BREZPLA\u010cNO\u00a0preverite zalogo v eni izmed na\u0161ih poslovalnic: Delovni \u010das: PONEDELJEK-\u010cETRTEK: 10.00-18.00, PETEK: [...]","protected":false},"author":1,"featured_media":0,"parent":0,"menu_order":0,"comment_status":"closed","ping_status":"closed","template":"","meta":{"om_disable_all_campaigns":false,"footnotes":""},"class_list":["post-17586","page","type-page","status-publish","hentry"],"aioseo_notices":[],"_links":{"self":[{"href":"https:\/\/gigakeramika.si\/hr\/wp-json\/wp\/v2\/pages\/17586","targetHints":{"allow":["GET"]}}],"collection":[{"href":"https:\/\/gigakeramika.si\/hr\/wp-json\/wp\/v2\/pages"}],"about":[{"href":"https:\/\/gigakeramika.si\/hr\/wp-json\/wp\/v2\/types\/page"}],"author":[{"embeddable":true,"href":"https:\/\/gigakeramika.si\/hr\/wp-json\/wp\/v2\/users\/1"}],"replies":[{"embeddable":true,"href":"https:\/\/gigakeramika.si\/hr\/wp-json\/wp\/v2\/comments?post=17586"}],"version-history":[{"count":5,"href":"https:\/\/gigakeramika.si\/hr\/wp-json\/wp\/v2\/pages\/17586\/revisions"}],"predecessor-version":[{"id":18240,"href":"https:\/\/gigakeramika.si\/hr\/wp-json\/wp\/v2\/pages\/17586\/revisions\/18240"}],"wp:attachment":[{"href":"https:\/\/gigakeramika.si\/hr\/wp-json\/wp\/v2\/media?parent=17586"}],"curies":[{"name":"wp","href":"https:\/\/api.w.org\/{rel}","templated":true}]}}