{"id":9304,"date":"2018-03-27T13:48:58","date_gmt":"2018-03-27T13:48:58","guid":{"rendered":"https:\/\/www.demo.themicart.com\/interico-wp\/?page_id=9304"},"modified":"2022-10-13T11:20:36","modified_gmt":"2022-10-13T11:20:36","slug":"nasveti-za-polaganje-2cm","status":"publish","type":"page","link":"https:\/\/gigakeramika.si\/hr\/nasveti-za-polaganje-2cm\/","title":{"rendered":"Savjeti za polaganje plo\u010dica debljine 2cm"},"content":{"rendered":"<div data-vc-full-width=\"true\" data-vc-full-width-init=\"false\" class=\"vc_row wpb_row vc_row-fluid vc_custom_1665660004268 vc_row-has-fill\"><div class=\"wpb_column vc_column_container vc_col-sm-12\"><div class=\"vc_column-inner\"><div class=\"wpb_wrapper\">\n\t<div class=\"wpb_text_column wpb_content_element\" >\n\t\t<div class=\"wpb_wrapper\">\n\t\t\t<p style=\"text-align: center;\"><span style=\"font-weight: 400;\">Po\u0161tovani,<\/span><\/p>\n<p style=\"text-align: center;\"><span style=\"font-weight: 400;\">\u00a0<\/span><span style=\"font-weight: 400;\">sve kerami\u010dke plo\u010dice u na\u0161oj ponudi \u2013 debljine <\/span><a href=\"http:\/\/2.cm\/\"><span style=\"font-weight: 400;\">2 cm<\/span><\/a><span style=\"font-weight: 400;\"> izra\u0111ene su prema tehnologiji Gres porculana ili\nGranitogresa.\u00a0<\/span><\/p>\n<p style=\"text-align: center;\"><span style=\"font-weight: 400;\">To zna\u010di da su sve plo\u010dice pe\u010dene na 1200 stupnjeva Celzijusa i stoga su sve plo\u010dice otporne na\nsmrzavanje i prakti\u010dno ne upijaju.\u00a0<\/span><\/p>\n<p style=\"text-align: center;\"><span style=\"font-weight: 400;\">Vrhunska talijanska proizvodnja, tvrtka s 50 godina tradicije, proizvodnja se odvija na\nnajsuvremenijim, potpuno robotiziranim i automatiziranim proizvodnim linijama.\u00a0\u00a0<\/span><\/p>\n<p style=\"text-align: center;\"><span style=\"font-weight: 400;\">Sve plo\u010dice debljine 2 cm imaju me\u0111unarodno certificiran faktor trenja klizanja = R11\u00a0<\/span><span style=\"font-weight: 400;\">- to zna\u010di da\nplo\u010dice imaju certifikat da su protuklizne i namijenjene vanjskim povr\u0161inama, gdje je sigurnost u svim\nvremenskim uvjetima na prvom mjestu.<\/span><\/p>\n<p style=\"text-align: center;\"><span style=\"font-weight: 400;\">Sve plo\u010dice deb. 2 cm su rektificirane - laserski izrezane, \u0161to zna\u010di da je kona\u010dna veli\u010dina svih plo\u010dica\nozna\u010denih istim kalibrom potpuno ista.<\/span><\/p>\n<p style=\"text-align: center;\"><span style=\"font-weight: 400;\">Plo\u010dice se lako \u010diste vodom ili visokotla\u010dnim \u010dista\u010dem u slu\u010daju ve\u0107e prljav\u0161tine... prema tvorni\u010dkim\nuputama isklju\u010divo se preporu\u010da kori\u0161tenje \u010dista\u010da FILA PS87 PRO!<\/span><\/p>\n<p style=\"text-align: center;\"><span style=\"font-weight: 400;\">\u00a0<\/span><span style=\"font-weight: 400;\">Plo\u010dice deb. 2 cm mogu se ugraditi na 4 na\u010dina - samo za podnu oblogu - maksimalno dopu\u0161teno\noptere\u0107enje na plo\u010dici je cca. 250 kg:<\/span><\/p>\n\n\t\t<\/div>\n\t<\/div>\n<div class=\"dash style-dark centered\"><\/div><\/div><\/div><\/div><\/div><div class=\"vc_row-full-width vc_clearfix\"><\/div><div class=\"vc_row wpb_row vc_row-fluid vc_custom_1536840841261 vc_row-o-content-middle vc_row-flex\"><div class=\"wpb_column vc_column_container vc_col-sm-5\"><div class=\"vc_column-inner\"><div class=\"wpb_wrapper\"><div class=\"vc_row wpb_row vc_inner vc_row-fluid overlap-right\"><div class=\"shadow-box wpb_column vc_column_container vc_col-sm-12\"><div class=\"vc_column-inner\"><div class=\"wpb_wrapper\"><span class=\"subtitle dash-true style-dark text-default\">UGRADNJA NA ODSTOJNIKE - TULJKE<\/span>\n\t<div class=\"wpb_text_column wpb_content_element\" >\n\t\t<div class=\"wpb_wrapper\">\n\t\t\t<p><span style=\"font-weight: 400;\">Povi\u0161ene terase - kod ovog sustava izra\u0111uje se osnovna nosiva betonska plo\u010da s padom prema\nodvodu, na plo\u010di se izvodi hidroizolacija,\u00a0<\/span><\/p>\n<p><span style=\"font-weight: 400;\">\u00a0<\/span><span style=\"font-weight: 400;\">na hidroizolaciju se postavljaju odstojnici (odstojnici mogu\nbiti u izvedbi - fiksni, podesivi ili podesivi s dodatnom samoniveliraju\u0107om glavom... i mogu se koristiti\nza premo\u0161\u0107ivanje od 3-40 cm visine)<\/span><\/p>\n<p><span style=\"font-weight: 400;\">Odstojnici ve\u0107 imaju ugra\u0111en dodatni odstojnik od 4-5 mm, koji odr\u017eava konstantan razmak izme\u0111u\nplo\u010dica - (otvoreni utor) te se voda nakon hidroizolacije cijedi preko otvorenog utora u odvod.<\/span><\/p>\n<p><span style=\"font-weight: 400;\">Ova metoda omogu\u0107uje polaganje plo\u010dica prakti\u010dki u svim vremenskim uvjetima,<\/span><\/p>\n<p><span style=\"font-weight: 400;\">a po potrebi se\nplo\u010dice mogu s vremenom skinuti, hidroizolacija popraviti i plo\u010dice vratiti na svoje mjesto.<\/span><\/p>\n<p><span style=\"font-weight: 400;\">Ugradnja je vrlo brza i jednostavna, nije potrebno ljepilo, masa za fugiranje, bez odvajanja plo\u010dice\nzbog vlage, bez propu\u0161tanja... Ovaj na\u010din ugradnje prevladava kod plo\u010dica debljine 2 cm i postaje\nme\u0111unarodni standard.<\/span><\/p>\n\n\t\t<\/div>\n\t<\/div>\n<\/div><\/div><\/div><\/div><\/div><\/div><\/div><div class=\"wpb_column vc_column_container vc_col-sm-7\"><div class=\"vc_column-inner\"><div class=\"wpb_wrapper\">\n\t<div  class=\"wpb_single_image wpb_content_element vc_align_left  vc_custom_1665658526472\">\n\t\t\n\t\t<figure class=\"wpb_wrapper vc_figure\">\n\t\t\t<a href=\"https:\/\/gigakeramika.si\/wp-content\/uploads\/2022\/10\/Untitled-design-24-6.png\" target=\"_self\" class=\"vc_single_image-wrapper   vc_box_border_grey\"><img loading=\"lazy\" decoding=\"async\" width=\"700\" height=\"900\" src=\"https:\/\/gigakeramika.si\/wp-content\/uploads\/2022\/10\/Untitled-design-24-6.png\" class=\"vc_single_image-img attachment-full\" alt=\"\" srcset=\"https:\/\/gigakeramika.si\/wp-content\/uploads\/2022\/10\/Untitled-design-24-6.png 700w, https:\/\/gigakeramika.si\/wp-content\/uploads\/2022\/10\/Untitled-design-24-6-600x771.png 600w\" sizes=\"auto, (max-width: 700px) 100vw, 700px\" \/><\/a>\n\t\t<\/figure>\n\t<\/div>\n<\/div><\/div><\/div><\/div><div class=\"vc_row wpb_row vc_row-fluid vc_custom_1536840846333 vc_row-o-content-middle vc_row-flex\"><div class=\"wpb_column vc_column_container vc_col-sm-7\"><div class=\"vc_column-inner\"><div class=\"wpb_wrapper\">\n\t<div  class=\"wpb_single_image wpb_content_element vc_align_left  vc_custom_1665658773657\">\n\t\t\n\t\t<figure class=\"wpb_wrapper vc_figure\">\n\t\t\t<a href=\"https:\/\/gigakeramika.si\/wp-content\/uploads\/2022\/10\/Untitled-design-25-5.png\" target=\"_self\" class=\"vc_single_image-wrapper   vc_box_border_grey\"><img loading=\"lazy\" decoding=\"async\" width=\"700\" height=\"900\" src=\"https:\/\/gigakeramika.si\/wp-content\/uploads\/2022\/10\/Untitled-design-25-5.png\" class=\"vc_single_image-img attachment-full\" alt=\"\" srcset=\"https:\/\/gigakeramika.si\/wp-content\/uploads\/2022\/10\/Untitled-design-25-5.png 700w, https:\/\/gigakeramika.si\/wp-content\/uploads\/2022\/10\/Untitled-design-25-5-600x771.png 600w\" sizes=\"auto, (max-width: 700px) 100vw, 700px\" \/><\/a>\n\t\t<\/figure>\n\t<\/div>\n<\/div><\/div><\/div><div class=\"wpb_column vc_column_container vc_col-sm-5\"><div class=\"vc_column-inner\"><div class=\"wpb_wrapper\"><div class=\"vc_row wpb_row vc_inner vc_row-fluid overlap-left\"><div class=\"shadow-box wpb_column vc_column_container vc_col-sm-12\"><div class=\"vc_column-inner\"><div class=\"wpb_wrapper\"><span class=\"subtitle dash-true style-dark text-default\">UGRADNJA NA STVRDNUTU PJE\u0160\u010cANU PODLOGU<\/span>\n\t<div class=\"wpb_text_column wpb_content_element\" >\n\t\t<div class=\"wpb_wrapper\">\n\t\t\t<p><span style=\"font-weight: 400;\">(plutaju\u0107i sustav) kod ovog sustava se iskopa minimalno 30-50 cm zemlje i nasipa kvalitetan \u0161ljunak,<\/span><\/p>\n<p><span style=\"font-weight: 400;\">koji se vi\u0161e puta mehani\u010dki stvrdne (podloga se priprema kao i za monta\u017eu betonskih oplo\u010dnika ili\ntravnih plo\u010da), a zatim se montiraju 2 cm debele plo\u010dice direktno na pijesak s preporu\u010denom \u0161irinom\nfuga od minimalno 4-5 mm.\u00a0<\/span><\/p>\n<p><span style=\"font-weight: 400;\">Izme\u0111u plo\u010dica preporu\u010da se uvijek staviti odstojnike - kri\u017ei\u0107e \u0161irine 4-5 mm,\u00a0<\/span><span style=\"font-weight: 400;\">na sredinu debljine\nplo\u010dica i ostaviti ih trajno u masi za fugiranje (na taj na\u010din se plo\u010dice ne dodiruju na povr\u0161ini u slu\u010daju\nmogu\u0107eg slijeganja tla, \u0161to mo\u017ee uzrokovati o\u0161te\u0107enje podloge - lomljenje ruba plo\u010dice)<\/span><\/p>\n<p><span style=\"font-weight: 400;\">Fuga se prema preporuci popunjava fugirnom masom za betonske oplo\u010dnike ili granitne kocke\n(proizvo\u0111a\u010da Ceresit ili Tlakovci Oblak...),<\/span><\/p>\n<p><span style=\"font-weight: 400;\">\u00a0<\/span><span style=\"font-weight: 400;\">koja se prelije vodom i nabubri i postane elasti\u010dna...i ne ispire se... Ali mo\u017ee se fugirati i pijeskom ili\nnekom drugom masom, prema preporuci iskusnog izvo\u0111a\u010da\/majstora...<\/span><\/p>\n\n\t\t<\/div>\n\t<\/div>\n<\/div><\/div><\/div><\/div><\/div><\/div><\/div><\/div><div class=\"vc_row wpb_row vc_row-fluid vc_custom_1536840859947 vc_row-o-content-middle vc_row-flex\"><div class=\"wpb_column vc_column_container vc_col-sm-5\"><div class=\"vc_column-inner\"><div class=\"wpb_wrapper\"><div class=\"vc_row wpb_row vc_inner vc_row-fluid overlap-right\"><div class=\"shadow-box wpb_column vc_column_container vc_col-sm-12\"><div class=\"vc_column-inner\"><div class=\"wpb_wrapper\"><span class=\"subtitle dash-true style-dark text-default\">UGRADNJA IZRAVNO U ZEMLJU<\/span>\n\t<div class=\"wpb_text_column wpb_content_element\" >\n\t\t<div class=\"wpb_wrapper\">\n\t\t\t<p><span style=\"font-weight: 400;\">\u00a0\u2013 plo\u010dice se mogu polagati i direktno u zemlju...za izradu ukrasnih staza na zemlji\u0161tu...<\/span><\/p>\n<p><span style=\"font-weight: 400;\">U slu\u010daju slijeganja plo\u010dice je potrebno oblo\u017eiti i poravnati...svaki put...po potrebi...<\/span><\/p>\n\n\t\t<\/div>\n\t<\/div>\n<\/div><\/div><\/div><\/div><\/div><\/div><\/div><div class=\"wpb_column vc_column_container vc_col-sm-7\"><div class=\"vc_column-inner\"><div class=\"wpb_wrapper\">\n\t<div  class=\"wpb_single_image wpb_content_element vc_align_left  vc_custom_1665658884755\">\n\t\t\n\t\t<figure class=\"wpb_wrapper vc_figure\">\n\t\t\t<a href=\"https:\/\/gigakeramika.si\/wp-content\/uploads\/2022\/10\/Untitled-design-26-6.png\" target=\"_self\" class=\"vc_single_image-wrapper   vc_box_border_grey\"><img loading=\"lazy\" decoding=\"async\" width=\"700\" height=\"900\" src=\"https:\/\/gigakeramika.si\/wp-content\/uploads\/2022\/10\/Untitled-design-26-6.png\" class=\"vc_single_image-img attachment-full\" alt=\"\" srcset=\"https:\/\/gigakeramika.si\/wp-content\/uploads\/2022\/10\/Untitled-design-26-6.png 700w, https:\/\/gigakeramika.si\/wp-content\/uploads\/2022\/10\/Untitled-design-26-6-600x771.png 600w\" sizes=\"auto, (max-width: 700px) 100vw, 700px\" \/><\/a>\n\t\t<\/figure>\n\t<\/div>\n<\/div><\/div><\/div><\/div><div class=\"vc_row wpb_row vc_row-fluid vc_custom_1536840859947 vc_row-o-content-middle vc_row-flex\"><div class=\"wpb_column vc_column_container vc_col-sm-7\"><div class=\"vc_column-inner\"><div class=\"wpb_wrapper\">\n\t<div  class=\"wpb_single_image wpb_content_element vc_align_left  vc_custom_1665659100492\">\n\t\t\n\t\t<figure class=\"wpb_wrapper vc_figure\">\n\t\t\t<a href=\"https:\/\/gigakeramika.si\/wp-content\/uploads\/2022\/10\/Untitled-design-27-5.png\" target=\"_self\" class=\"vc_single_image-wrapper   vc_box_border_grey\"><img loading=\"lazy\" decoding=\"async\" width=\"700\" height=\"900\" src=\"https:\/\/gigakeramika.si\/wp-content\/uploads\/2022\/10\/Untitled-design-27-5.png\" class=\"vc_single_image-img attachment-full\" alt=\"\" srcset=\"https:\/\/gigakeramika.si\/wp-content\/uploads\/2022\/10\/Untitled-design-27-5.png 700w, https:\/\/gigakeramika.si\/wp-content\/uploads\/2022\/10\/Untitled-design-27-5-600x771.png 600w\" sizes=\"auto, (max-width: 700px) 100vw, 700px\" \/><\/a>\n\t\t<\/figure>\n\t<\/div>\n<\/div><\/div><\/div><div class=\"wpb_column vc_column_container vc_col-sm-5\"><div class=\"vc_column-inner\"><div class=\"wpb_wrapper\"><div class=\"vc_row wpb_row vc_inner vc_row-fluid overlap-right\"><div class=\"shadow-box wpb_column vc_column_container vc_col-sm-12\"><div class=\"vc_column-inner\"><div class=\"wpb_wrapper\"><span class=\"subtitle dash-true style-dark text-default\">UGRADNJA LIJEPLJENJEM NA BETONSKU PODLOGU<\/span>\n\t<div class=\"wpb_text_column wpb_content_element\" >\n\t\t<div class=\"wpb_wrapper\">\n\t\t\t<p><span style=\"font-weight: 400;\">Plo\u010dice deb. 2 cm mogu se zalijepiti na isti sustav kao i klasi\u010dne plo\u010dice deb. 1 cm,\u00a0<\/span><\/p>\n<p><span style=\"font-weight: 400;\">lijepljenjem\nvisokokvalitetnim fleksibilnim ljepilima za kerami\u010dke plo\u010dice (MAPEI, CERESIT 17....) preporu\u010dena\n\u0161irina fuga je minimalno 3-5 mm\u00a0<\/span><span style=\"font-weight: 400;\">in\u00a0 zafugirano z\u00a0 kvalitetnimi\u00a0 fugirnimi masami\u00a0 (\u00a0 Mapei,Ceresit\u2026..)<\/span><\/p>\n<p><span style=\"font-weight: 400;\">i fugira se kvalitetnim fugama (Mapei, Ceresit....)\nAko se plo\u010dice lijepe na betonsku podlogu fleksibilnim ljepilom... prohodni su i osobnim vozilima do\nukupne mase 3.500 kg.<\/span><\/p>\n<p><span style=\"font-weight: 400;\">Plo\u010dice deb. 2 cm su na\u0161iroko kori\u0161teni za obrub bazena, jer se 2 cm plo\u010dice mogu postaviti s\nprepustom od 2 cm preko zavr\u0161nog ruba bazena i tako istovremeno zavr\u0161iti rub bazena\u00a0<\/span><span style=\"font-weight: 400;\">i nastaviti u\nistoj visini s okolinom bazena, koji se mo\u017ee spojiti s terasom i time dobiti takozvani efekt -<\/span><\/p>\n<p><span style=\"font-weight: 400;\">beskona\u010dni\npogled, \u0161to je vrlo estetski i trendi. Kod kori\u0161tenja plo\u010dica od 2 cm za vanjske stube, podestna\npovr\u0161ina stepenica mo\u017ee se pomaknuti do 2 cm izvan \u010dela stepenica\u00a0\u00a0<\/span><span style=\"font-weight: 400;\">i dobiti klasi\u010dan stepenasti\nizgled. (plo\u010dice debljine 1 cm prema preporuci tvornice mogu se montirati samo bez prepusta...)\u00a0<\/span><\/p>\n<p><span style=\"font-weight: 400;\">Plo\u010dice debljine 2 cm prakti\u010dki su neuni\u0161tive i dugotrajne kada se pravilno koriste.<\/span><\/p>\n\n\t\t<\/div>\n\t<\/div>\n<\/div><\/div><\/div><\/div><\/div><\/div><\/div><\/div>","protected":false},"excerpt":{"rendered":"Spo\u0161tovani, \u00a0vse kerami\u010dne plo\u0161\u010dice v na\u0161i ponudbi - debeline 2.cm so izdelane po tehnologiji Gres\u00a0 porcelan oziroma Granitogres.\u00a0 To pomeni, da so vse plo\u0161\u010dice \u017egane na 1200 stopinj Celzija in\u00a0 so\u00a0 zato\u00a0 vse\u00a0 plo\u0161\u010dice\u00a0 zmrzlinsko odporne\u00a0 in\u00a0 prakti\u010dno nevpojne\u00a0 Vrhunska\u00a0 Italijanska\u00a0 proizvodnja , podjetje\u00a0 z\u00a0 50 let\u00a0 tradicije\u00a0 , proizvodnja poteka\u00a0 na najsodobnej\u0161ih , popolnoma [...]","protected":false},"author":1,"featured_media":0,"parent":0,"menu_order":0,"comment_status":"closed","ping_status":"closed","template":"","meta":{"om_disable_all_campaigns":false,"footnotes":""},"class_list":["post-9304","page","type-page","status-publish","hentry"],"aioseo_notices":[],"_links":{"self":[{"href":"https:\/\/gigakeramika.si\/hr\/wp-json\/wp\/v2\/pages\/9304","targetHints":{"allow":["GET"]}}],"collection":[{"href":"https:\/\/gigakeramika.si\/hr\/wp-json\/wp\/v2\/pages"}],"about":[{"href":"https:\/\/gigakeramika.si\/hr\/wp-json\/wp\/v2\/types\/page"}],"author":[{"embeddable":true,"href":"https:\/\/gigakeramika.si\/hr\/wp-json\/wp\/v2\/users\/1"}],"replies":[{"embeddable":true,"href":"https:\/\/gigakeramika.si\/hr\/wp-json\/wp\/v2\/comments?post=9304"}],"version-history":[{"count":6,"href":"https:\/\/gigakeramika.si\/hr\/wp-json\/wp\/v2\/pages\/9304\/revisions"}],"predecessor-version":[{"id":14814,"href":"https:\/\/gigakeramika.si\/hr\/wp-json\/wp\/v2\/pages\/9304\/revisions\/14814"}],"wp:attachment":[{"href":"https:\/\/gigakeramika.si\/hr\/wp-json\/wp\/v2\/media?parent=9304"}],"curies":[{"name":"wp","href":"https:\/\/api.w.org\/{rel}","templated":true}]}}